{"id":3,"date":"2019-10-13T17:29:57","date_gmt":"2019-10-13T15:29:57","guid":{"rendered":"http:\/\/wandbilder-schoch.de\/schoch\/wordpress\/?page_id=3"},"modified":"2020-03-11T18:41:40","modified_gmt":"2020-03-11T17:41:40","slug":"datenschutzerklaerung","status":"publish","type":"page","link":"http:\/\/wandbilder-schoch.de\/schoch\/wordpress\/datenschutzerklaerung\/","title":{"rendered":"Datenschutzerkl\u00e4rung"},"content":{"rendered":"<p class=\"western\">Mit dieser Datenschutzerkl\u00e4rung informieren wir Sie gem\u00e4\u00df Art.13 Datenschutzgrundverordnung (DS-GVO) \u00fcber die Verarbeitung Ihrer personenbezogenen Daten, wenn Sie die Internetseite www.wandbilder-schoch.de besuchen.<\/p>\n<p class=\"western\"><strong>1<\/strong>. <strong>Name und Kontaktdaten des Verantwortlichen<\/strong><\/p>\n<p class=\"western\"><strong>Verein zur Rettung der Wandbilder im Schoch-Areal e.V.<br \/>\n<\/strong><strong>c\/o Elke Thieme (Vorstandsvorsitzende)<br \/>\n<\/strong><strong>Burgenlandstra\u00dfe 98<br \/>\n<\/strong><strong>70469 Stuttgart<\/strong><\/p>\n<p class=\"western\"><strong>E-Mail: info[at]wandbilder-schoch.de<\/strong><\/p>\n<p class=\"western\"><strong>2. Kontaktaufnahme<\/strong><\/p>\n<p class=\"western\"><strong>Sofern Sie uns per E-Mail, Brief, Telefon, Kommentarfunktion kontaktieren, willigen Sie in die Verarbeitung Ihrer \u00fcbermittelten Daten zur Bearbeitung und Dokumentation Ihrer Anfrage ein.<\/strong><\/p>\n<p class=\"western\"><strong>Rechtsgrundlage f\u00fcr die Verarbeitung ist Art. 6 Abs. 1 lit. a DS-GVO.<\/strong><\/p>\n<p class=\"western\"><strong>Sie haben nach Art.7 Abs. 3 DS-GVO das Recht jederzeit Ihre Einwilligung zu widerrufen, in dem Sie eine E-Mail an die oben genannte E-Mail-Adresse schreiben. Ihre Daten werden dann gel\u00f6scht.<\/strong><\/p>\n<p class=\"western\"><strong><b>3.<\/b><\/strong> <strong>Erhobene Daten<\/strong><\/p>\n<p class=\"western\"><strong>Unsere Daten werden auf einem Server in Deutschland gehostet.<\/strong><\/p>\n<p class=\"western\">\u00dcber die von den Nutzern auf freiwilliger Basis angegebenen pers\u00f6nlichen Daten hinaus werden vom System automatisch die folgenden Daten erhoben:<\/p>\n<ul>\n<li>\n<p class=\"western\">Log-Files: Bei der Nutzung dieses Angebots werden die von Ihrem Browser an den Server ermittelten Daten erfasst und gespeichert. Dies umfasst \u00fcblicherweise Informationen er den Typ und die Version des von Ihnen verwendeten Browsers, das verwendete Betriebssystem, die Referrer URL (die Webseite, von der aus Sie zu dieser Website gelangt sind), den Hostnamen des zugreifenden Rechners (die IP Adresse) sowie die Uhrzeit der Serveranfrage. In der Regel lassen sich diese Daten nicht bestimmten Personen &#8211; und damit auch nicht Ihnen &#8211; zuordnen. Weder wird zu diesem Zweck ein Abgleich der Daten mit anderen Daten vorgenommen, noch werden sie hierf\u00fcr mit anderen Daten zusammengef\u00fchrt.<\/p>\n<\/li>\n<li>\n<p class=\"western\">Cookies: Diese Website verwendet vereinzelt Cookies. Cookies sind kleine Textdateien, die Ihr Browser speichert und die dazu dienen, die Benutzung einer Website einfacher, effektiver und sicherer zu machen. Cookies richten auf Ihrem Rechner keinen Schaden an, nehmen minimalen Speicherplatz in Anspruch und enthalten keine Viren. Sie k\u00f6nnen die Installation der Cookies durch eine entsprechende Einstellung Ihrer Browser-Software verhindern; wir weisen Sie jedoch darauf hin, dass Sie in diesem Fall gegebenenfalls nicht s\u00e4mtliche Funktionen dieser Website vollumf\u00e4nglich nutzen k\u00f6nnen.<\/p>\n<\/li>\n<li>\n<p class=\"western\"><strong>Weitergabe von Daten an Dritte:<\/strong> Grunds\u00e4tzlich gelten die Aussagen des ersten Abschnitts dieser Datenschutzbestimmung. Personenbezogene Daten werden nur mit Zustimmung des Nutzers an Dritte weitergeben, sofern Wandbilder-Schoch.de nicht auf Grund gesetzlicher Regelungen zur Weitergabe der Daten verpflichtet ist oder die Daten zur Durchsetzung rechtlicher Interessen erforderlich sind. Wandbilder-Schoch.de erteilt Ihnen auf Anfrage Auskunft, welche Daten \u00fcber Sie gespeichert sind.<\/p>\n<\/li>\n<\/ul>\n<p class=\"western\"><strong>4. Ihre Rechte<\/strong><\/p>\n<p class=\"western\"><strong>Nach <a href=\"https:\/\/dsgvo-gesetz.de\/art-15-dsgvo\/\" target=\"_blank\" rel=\"noopener noreferrer\">Art.15 DS-GVO<\/a> haben Sie das Recht, auf schriftlichen Antrag Auskunft \u00fcber die \u00fcber Sie gespeicherten Daten zu erhalten und ggf. deren Berichtigung gem\u00e4\u00df <a href=\"https:\/\/dsgvo-gesetz.de\/art-16-dsgvo\/\" target=\"_blank\" rel=\"noopener noreferrer\">Art 16 DS-GVO<\/a>, deren L\u00f6schung gem\u00e4\u00df <a href=\"https:\/\/dsgvo-gesetz.de\/art-17-dsgvo\/\" target=\"_blank\" rel=\"noopener noreferrer\">Art. 17 DS-GVO<\/a> oder eine<\/strong><b> <\/b>Einschr\u00e4nkung der Verarbeitung gem\u00e4\u00df <span style=\"color: #000080;\"><span lang=\"zxx\"><u><a href=\"https:\/\/dsgvo-gesetz.de\/art-18-dsgvo\/\" target=\"_blank\" rel=\"noopener noreferrer\">Art. 18 DS-GVO<\/a><\/u><\/span><\/span>\u00a0 zu verlangen. Eine L\u00f6schung scheidet jedoch aus, wenn gesetzliche Aufbewahrungsfristen bestehen. Nach <span style=\"color: #000080;\"><span lang=\"zxx\"><u><a href=\"https:\/\/dsgvo-gesetz.de\/art-20-dsgvo\/\" target=\"_blank\" rel=\"noopener noreferrer\">Art. 20 DS-GVO<\/a><\/u><\/span><\/span> haben Sie das Recht auf Daten\u00fcbertragbarkeit.<\/p>\n<p class=\"western\">Haben Sie in die Datenverarbeitung eingewilligt, so haben Sie das Recht, Ihre Einwilligung jederzeit zu widerrufen. Durch den Widerruf wird die Rechtm\u00e4\u00dfigkeit der Verarbeitung bis zum Widerruf nicht ber\u00fchrt. Der Widerruf kann in einer E-Mail an <strong>info[at]wandbilder-schoch.de<\/strong> erkl\u00e4rt werden. Nach Widerruf werden die Daten nicht mehr verarbeitet. Dies gilt nicht, sofern wir dazu gesetzlich berechtigt oder verpflichtet sind.<\/p>\n<p class=\"western\">Gem\u00e4\u00df <span style=\"color: #000080;\"><span lang=\"zxx\"><u><a href=\"https:\/\/dsgvo-gesetz.de\/art-77-dsgvo\/\" target=\"_blank\" rel=\"noopener noreferrer\">Artikel 77 DS-GVO<\/a><\/u><\/span><\/span> haben Sie das Recht bei der zust\u00e4ndigen Aufsichtsbeh\u00f6rde eine Beschwerde einzulegen und die in den Artikeln <span style=\"color: #000080;\"><span lang=\"zxx\"><u><a href=\"https:\/\/dsgvo-gesetz.de\/art-78-dsgvo\/\" target=\"_blank\" rel=\"noopener noreferrer\">78 DS-GVO<\/a><\/u><\/span><\/span> und <span style=\"color: #000080;\"><span lang=\"zxx\"><u><a href=\"https:\/\/dsgvo-gesetz.de\/art-79-dsgvo\/\" target=\"_blank\" rel=\"noopener noreferrer\">79 DS-GVO<\/a><\/u><\/span><\/span> aufgef\u00fchrten Rechte in Anspruch zu nehmen: Landesbeauftragter f\u00fcr Datenschutz und Informationsfreiheit, K\u00f6nigstra\u00dfe 10a, D-70173 Stuttgart.<\/p>\n<p class=\"western\">Soweit wir Daten zur Wahrung unserer Interessen ausschlie\u00dflich auf Grundlage von Art. 6 Abs. 1 lit. f DS-GVO verarbeiten, haben Sie das Recht, aus Gr\u00fcnden, die sich aus Ihrer besonderen Situation ergeben, der Verarbeitung Ihrer Daten zu widersprechen mit einer E-Mail an: <strong>info[at]wandbilder-schoch.de<\/strong><\/p>\n<p class=\"western\"><strong>Legen Sie Widerspruch ein, so werden wir die betroffenen Daten nicht mehr verarbeiten, es sei denn, wir k\u00f6nnen zwingende schutzw\u00fcrdige Gr\u00fcnde f\u00fcr die Verarbeitung nachweisen, die Ihre Interessen, Rechte und Freiheiten \u00fcberwiegen oder die Verarbeitung dient der Durchsetzung von Rechtsanspr\u00fcchen.<\/strong><\/p>\n<p class=\"western\"><strong>5. Aktualit\u00e4t und \u00c4nderung dieser Datenschutzerkl\u00e4rung<\/strong><\/p>\n<p class=\"western\"><strong><span style=\"font-size: medium;\">Wir behalten uns das Recht vor, unsere Datenschutz- und Sicherheitsma\u00dfnahmen zu ver\u00e4ndern, sofern dies aufgrund von gesetzlichen Anforderungen oder der technischen Entwicklung erforderlich wird. In diesen F\u00e4llen werden wir auch unsere Hinweise zum Datenschutz entsprechend anpassen. Daher sollten Sie diese Website regelm\u00e4\u00dfig aufrufen, um sich \u00fcber den aktuellen Stand der Datenschutzerkl\u00e4rung informieren.<\/span><\/strong><\/p>\n<p class=\"western\"><strong><span style=\"font-size: medium;\">Stand: 23.01.2020<\/span><\/strong><\/p>\n","protected":false},"excerpt":{"rendered":"<p>Mit dieser Datenschutzerkl\u00e4rung informieren wir Sie gem\u00e4\u00df Art.13 Datenschutzgrundverordnung (DS-GVO) \u00fcber die Verarbeitung Ihrer personenbezogenen Daten, wenn Sie die Internetseite www.wandbilder-schoch.de besuchen. 1. Name und Kontaktdaten des Verantwortlichen Verein zur Rettung der Wandbilder im Schoch-Areal e.V. c\/o Elke Thieme (Vorstandsvorsitzende) Burgenlandstra\u00dfe 98 70469 Stuttgart E-Mail: info[at]wandbilder-schoch.de 2. Kontaktaufnahme Sofern Sie uns per E-Mail, Brief, Telefon, &hellip; <a href=\"http:\/\/wandbilder-schoch.de\/schoch\/wordpress\/datenschutzerklaerung\/\" class=\"more-link\"><span class=\"screen-reader-text\">\u201eDatenschutzerkl\u00e4rung\u201c<\/span> weiterlesen<\/a><\/p>\n","protected":false},"author":1,"featured_media":0,"parent":0,"menu_order":0,"comment_status":"closed","ping_status":"open","template":"","meta":[],"_links":{"self":[{"href":"http:\/\/wandbilder-schoch.de\/schoch\/wordpress\/wp-json\/wp\/v2\/pages\/3"}],"collection":[{"href":"http:\/\/wandbilder-schoch.de\/schoch\/wordpress\/wp-json\/wp\/v2\/pages"}],"about":[{"href":"http:\/\/wandbilder-schoch.de\/schoch\/wordpress\/wp-json\/wp\/v2\/types\/page"}],"author":[{"embeddable":true,"href":"http:\/\/wandbilder-schoch.de\/schoch\/wordpress\/wp-json\/wp\/v2\/users\/1"}],"replies":[{"embeddable":true,"href":"http:\/\/wandbilder-schoch.de\/schoch\/wordpress\/wp-json\/wp\/v2\/comments?post=3"}],"version-history":[{"count":7,"href":"http:\/\/wandbilder-schoch.de\/schoch\/wordpress\/wp-json\/wp\/v2\/pages\/3\/revisions"}],"predecessor-version":[{"id":438,"href":"http:\/\/wandbilder-schoch.de\/schoch\/wordpress\/wp-json\/wp\/v2\/pages\/3\/revisions\/438"}],"wp:attachment":[{"href":"http:\/\/wandbilder-schoch.de\/schoch\/wordpress\/wp-json\/wp\/v2\/media?parent=3"}],"curies":[{"name":"wp","href":"https:\/\/api.w.org\/{rel}","templated":true}]}}